{"id":6,"date":"2013-10-30T09:37:20","date_gmt":"2013-10-30T09:37:20","guid":{"rendered":"http:\/\/parat.w.uib.no\/?page_id=6"},"modified":"2022-06-01T12:11:11","modified_gmt":"2022-06-01T12:11:11","slug":"om-parat","status":"publish","type":"page","link":"https:\/\/parat.w.uib.no\/?page_id=6","title":{"rendered":"Kontakt oss"},"content":{"rendered":"<div style=\"text-align: center\"><img loading=\"lazy\" decoding=\"async\" class=\"alignnone  wp-image-1120\" src=\"http:\/\/parat.w.uib.no\/files\/2022\/06\/picture-8182-1443012990-002-1-240x300.jpg\" alt=\"\" width=\"108\" height=\"135\" srcset=\"https:\/\/parat.w.uib.no\/files\/2022\/06\/picture-8182-1443012990-002-1-240x300.jpg 240w, https:\/\/parat.w.uib.no\/files\/2022\/06\/picture-8182-1443012990-002-1.jpg 400w\" sizes=\"auto, (max-width: 108px) 100vw, 108px\" \/><\/div>\n<div style=\"text-align: center\">Hovedtilitsvalgt for Parat UiB er:<br \/>\nLinda Emdal<br \/>\ntlf: 55 5 8 91 93<br \/>\nmobil: 90047626<br \/>\nemail: post@parat.uib.no<\/div>\n<p><!--more--><\/p>\n<div class=\"menusection\"><\/div>\n<p><!--more--><\/p>\n<p><!--more--><\/p>\n<div id=\"details-content\">\n<div class=\"detail-menu \" data-url=\"\/dette-er-parat-6561-390051\/parats-visjon\/parats-visjon?contentonly=1\">\n<div id=\"article-390051\" class=\"article full \">\n<div class=\" \">\n<div class=\"formError\"><\/div>\n<div class=\"article-body\"><strong>&laquo;Vi er Parat \u2013 og vi jobber for at du skal f\u00e5 en enda bedre arbeidsdag!&raquo;<br \/>\n<\/strong><br \/>\nParat er en skapende kraft for en stadig bedre arbeidshverdag.Vi mener at tillit er v\u00e5r viktigste verdi.<br \/>\nVi mener at de beste l\u00f8sningene vinner og vi tror p\u00e5 partipolitisk uavhengighet.<br \/>\nVi mener at dialog er n\u00f8kkelen til \u00e5 s\u00f8ke l\u00f8sninger i fellesskap.<br \/>\nVi mener at mangfold gir flere ideer og bedre beslutninger.<br \/>\nVi mener at inkludering vil l\u00f8fte alle.<br \/>\nVi mener at trygghet frigj\u00f8r energi.Vi mener at teknologi gir muligheter til nye jobber. Til \u00e5 dekke nye behov.<br \/>\nVi mener at kvalitet p\u00e5 varer og tjenester vil l\u00f8nne seg.<br \/>\nVi mener det gr\u00f8nne skiftet gir b\u00e6rekraft og flere jobber.<br \/>\nVi mener at arbeidstakere er n\u00f8kkelen til innovasjon.Og vi vet.<br \/>\nAt utfordringene som kommer vil ledsages av l\u00f8sninger.<br \/>\nAt et bedre arbeidsliv ligger foran oss.<\/div>\n<\/div>\n<\/div>\n<\/div>\n<\/div>\n","protected":false},"excerpt":{"rendered":"<p>Hovedtilitsvalgt for Parat UiB er: Linda Emdal tlf: 55 5 8 91 93 mobil: 90047626 email: post@parat.uib.no<\/p>\n","protected":false},"author":1076,"featured_media":0,"parent":0,"menu_order":0,"comment_status":"closed","ping_status":"closed","template":"","meta":{"footnotes":""},"class_list":["post-6","page","type-page","status-publish","hentry"],"_links":{"self":[{"href":"https:\/\/parat.w.uib.no\/index.php?rest_route=\/wp\/v2\/pages\/6","targetHints":{"allow":["GET"]}}],"collection":[{"href":"https:\/\/parat.w.uib.no\/index.php?rest_route=\/wp\/v2\/pages"}],"about":[{"href":"https:\/\/parat.w.uib.no\/index.php?rest_route=\/wp\/v2\/types\/page"}],"author":[{"embeddable":true,"href":"https:\/\/parat.w.uib.no\/index.php?rest_route=\/wp\/v2\/users\/1076"}],"replies":[{"embeddable":true,"href":"https:\/\/parat.w.uib.no\/index.php?rest_route=%2Fwp%2Fv2%2Fcomments&post=6"}],"version-history":[{"count":14,"href":"https:\/\/parat.w.uib.no\/index.php?rest_route=\/wp\/v2\/pages\/6\/revisions"}],"predecessor-version":[{"id":1121,"href":"https:\/\/parat.w.uib.no\/index.php?rest_route=\/wp\/v2\/pages\/6\/revisions\/1121"}],"wp:attachment":[{"href":"https:\/\/parat.w.uib.no\/index.php?rest_route=%2Fwp%2Fv2%2Fmedia&parent=6"}],"curies":[{"name":"wp","href":"https:\/\/api.w.org\/{rel}","templated":true}]}}