{"id":456,"date":"2016-04-05T11:10:10","date_gmt":"2016-04-05T11:10:10","guid":{"rendered":"http:\/\/parat.w.uib.no\/?page_id=456"},"modified":"2016-04-08T06:58:03","modified_gmt":"2016-04-08T06:58:03","slug":"vedtekter","status":"publish","type":"page","link":"https:\/\/parat.w.uib.no\/?page_id=456","title":{"rendered":"Vedtekter"},"content":{"rendered":"<p><strong>Vedtekter for Parat UiB<\/strong><\/p>\n<p>Vedtatt p\u00e5 \u00e5rsm\u00f8tet 2013<br \/>\n<a href=\"https:\/\/parat.w.uib.no\/%0c\"><br \/>\n<\/a>Vedtektene for medlemsgruppen, Parat UiB, kan ikke komme i strid med Parat sine vedtekter og sentrale retningslinjer.<\/p>\n<ul>\n<li>1 NAVN OG TILSLUTNING<\/li>\n<\/ul>\n<p>Parat UiB er en fagforening ved Universitetet i Bergen. Parat UiB er partipolitisk uavhengig og en medlemsgruppe under Parat, YS.<\/p>\n<ul>\n<li>2 FORM\u00c5L<\/li>\n<\/ul>\n<p>Parat UiB har som form\u00e5l<\/p>\n<ul>\n<li>\u00e5 ivareta medlemmenes interesser overfor arbeidsgiver, Parat og andre interesseparter<\/li>\n<li>\u00e5 arbeide for \u00e5 skape et godt arbeidsmilj\u00f8 og trygge arbeidsplasser<\/li>\n<li>\u00e5 arbeide for et godt samarbeid mellom universitetet og de ansatte<\/li>\n<\/ul>\n<ul>\n<li>3 MEDLEMSKAP<\/li>\n<\/ul>\n<p>Ansatte ved Universitetet i Bergen som er medlem av Parat, er medlem av Parat UiB. Medlemmer som slutter ved UiB kan fortsette \u00e5 v\u00e6re medlem i Parat men vil bli knyttet til en annen medlemsgruppe.<br \/>\nMedlemskapet opph\u00f8rer f\u00f8rst n\u00e5r medlemmet skriftlig sier opp sitt medlemskap til <a href=\"mailto:post@parat.com\">post@parat.com<\/a>. Medlemskapet opph\u00f8rer m\u00e5neden etter at utmeldingen fant sted.<\/p>\n<ul>\n<li>4 \u00c5RSM\u00d8TE<\/li>\n<\/ul>\n<ol>\n<li>\u00c5rsm\u00f8tet er medlemsgruppens h\u00f8yeste organ og holdes hvert \u00e5r innen utgangen av mars m\u00e5ned. Varsel om \u00e5rsm\u00f8te med frist for innsending av saker kunngj\u00f8res p\u00e5 medlemsgruppens hjemmeside,<a href=\"https:\/\/parat.w.uib.no\/\">https:\/\/parat.w.uib.no\/<\/a> en m\u00e5ned f\u00f8r m\u00f8tet. Innkalling med saksliste sendes ut elektronisk tre uker f\u00f8r m\u00f8tet.<\/li>\n<\/ol>\n<ol start=\"2\">\n<li>P\u00e5 \u00e5rsm\u00f8tet skal f\u00f8lgende saker behandles:<\/li>\n<li>Konstituering<\/li>\n<\/ol>\n<p>godkjenning av innkalling<br \/>\nsaksliste<br \/>\nvalg av m\u00f8teleder<br \/>\nreferent<br \/>\ntelle\u00adkorps<br \/>\nto medlemmer til \u00e5 undertegne protokollen<\/p>\n<ol start=\"2\">\n<li>Aktivitetsrapport<\/li>\n<li>Regnskap<\/li>\n<li>Aktivitetsplan<\/li>\n<li>Innkomne forslag<\/li>\n<li>Budsjett<\/li>\n<li>Valg<\/li>\n<li>Avslutning<\/li>\n<\/ol>\n<p>Under punkt 7 valg, velges styret og \u00f8vrige tillitsvalgte etter f\u00f8lgende rekkef\u00f8lge:<\/p>\n<ol>\n<li>Hovedtillitsvalgt<\/li>\n<li>Vara hovedtillitsvalgt (= nestleder)<\/li>\n<li>En plasstillitsvalgt for hvert fakultet \/ enhet<\/li>\n<li>Vara for plasstillitsvalgt for hvert fakultet \/ enhet<\/li>\n<li>Valgkomit\u00e9 p\u00e5 tre medlemmer, som selv igangsetter sitt arbeid ved kunngj\u00f8ring av \u00e5rsm\u00f8te.<\/li>\n<li>En vararepresentant til valgkomiteen<\/li>\n<\/ol>\n<p>Funksjonstiden for alle tillitsvalgte og verv er to \u00e5r, dog s\u00e5ledes at halve styret trer ut vekselvis hvert annet \u00e5r.<br \/>\nAlle medlemmer i medlemsgruppen Parat UiB, har stemmerett ved fremm\u00f8te<br \/>\nVedtak fattes med alminnelig flertall av de fremm\u00f8tte stemmeberettigede medlemmene.<br \/>\nAlle valg foreg\u00e5r skriftlig s\u00e5fremt det foreligger mer enn ett forslag, eller hvis en av de fremm\u00f8tte stemmeberettigede krever det.<br \/>\nValgkomiteen skal i sitt forslag ta hensyn til at styret blir mest mulig allsidig og representa\u00adtivt sammensatt.<\/p>\n<ul>\n<li>5 EKSTRAORDIN\u00c6RT \u00c5RSM\u00d8TE<\/li>\n<\/ul>\n<ol>\n<li>Ekstraordin\u00e6rt \u00e5rsm\u00f8te holdes n\u00e5r styret vedtar dette eller 1\/3 av medlemmene skriftlig krever det<\/li>\n<li>Ekstraordin\u00e6rt \u00e5rsm\u00f8te innkalles med to ukers varsel<\/li>\n<li>Ekstraordin\u00e6rt \u00e5rsm\u00f8te kan bare behandle de saker som er nevnt i innkallingen<\/li>\n<\/ol>\n<ul>\n<li>6 STYRET \/ TILLITSVALGTE<\/li>\n<\/ul>\n<ol>\n<li>Parat UiB skal ledes av et styre som er satt sammen av hovedtillitsvalgt og de fakultets\/enhets tillitsvalgte.Varatillitsvalgt m\u00f8ter ved forfall for sitt fakultet eller sin enhet.<br \/>\nHovedtillitsvalgt\/varahovedtillitsvalgt ved Parat UiB er leder for styret.<\/li>\n<li>Varatillitsvalgte velges for alle fakultet\/enheter, det kan velges mer enn 1 vara hvis det er behov for dette.<\/li>\n<li>Styret oppretter et arbeidsutvalg med gitte mandat. AU ledes av hovedtillitsvalgte<\/li>\n<li>Alle de fakultets\/enhets tillitsvalgte\/varatillitsvalgte representerer Parat UiB i IDU<\/li>\n<\/ol>\n<ol start=\"5\">\n<li>Styret eller AU oppnevner representanter til styrer, utvalg og r\u00e5d innenfor medlemsgruppens organisasjonsomr\u00e5de.<\/li>\n<li>Styret f\u00f8rer referat fra alle styrem\u00f8ter. Det skal ogs\u00e5 f\u00f8res referat fra m\u00f8tene i Arbeidsutvalget.<\/li>\n<\/ol>\n<p>Styret er beslutningsdyktig n\u00e5r minst 2\/3 av medlemmene, hvorav leder eller nestleder, er til stede. Vedtak fattes med alminnelig flertall. Ved stemmelikhet har leder dobbeltstemme.<\/p>\n<ul>\n<li>7 \u00d8KONOMI<\/li>\n<\/ul>\n<p>UiB bevilger driftsmidler til Parat UiB. Fra Parat f\u00e5r medlemsgruppen overf\u00f8rt driftstilskudd. Hovedtillitsvalgt disponerer disse etter rammebudsjett som er vedtatt p\u00e5 \u00e5rsm\u00f8tet. Det f\u00f8res separate regnskap for de to kontoene. Alle bilag skal v\u00e6re attestert av leder eller nestleder. Styret kan kreve \u00e5 f\u00e5 forelagt regnskapet mellom \u00e5rsm\u00f8tene.<\/p>\n<ul>\n<li>8 KONTINGENT<\/li>\n<\/ul>\n<p>Kontingenten er den som til enhver tid er fastsatt av Parat sentralt.<\/p>\n<ul>\n<li>9 ENDRING AV VEDTEKTER<\/li>\n<\/ul>\n<p>Endring av medlemsgruppens vedtekter kan bare forandres p\u00e5 ordin\u00e6rt eller ekstraordi\u00adn\u00e6rt \u00e5rsm\u00f8te med 2\/3 flertall av de fremm\u00f8tte.<\/p>\n<p>&nbsp;<\/p>\n","protected":false},"excerpt":{"rendered":"<p>Vedtekter for Parat UiB Vedtatt p\u00e5 \u00e5rsm\u00f8tet 2013 Vedtektene for medlemsgruppen, Parat UiB, kan ikke komme i strid med Parat sine vedtekter og sentrale retningslinjer. 1 NAVN OG TILSLUTNING Parat UiB er en fagforening ved Universitetet i Bergen. Parat UiB er partipolitisk uavhengig og en medlemsgruppe under Parat, YS. 2 FORM\u00c5L Parat UiB har som&hellip;<a href=\"https:\/\/parat.w.uib.no\/?page_id=456\" class=\"more-link\">Continue reading <span class=\"screen-reader-text\">Vedtekter<\/span><\/a><\/p>\n","protected":false},"author":2802,"featured_media":0,"parent":0,"menu_order":0,"comment_status":"closed","ping_status":"closed","template":"","meta":{"footnotes":""},"class_list":["post-456","page","type-page","status-publish","hentry"],"_links":{"self":[{"href":"https:\/\/parat.w.uib.no\/index.php?rest_route=\/wp\/v2\/pages\/456","targetHints":{"allow":["GET"]}}],"collection":[{"href":"https:\/\/parat.w.uib.no\/index.php?rest_route=\/wp\/v2\/pages"}],"about":[{"href":"https:\/\/parat.w.uib.no\/index.php?rest_route=\/wp\/v2\/types\/page"}],"author":[{"embeddable":true,"href":"https:\/\/parat.w.uib.no\/index.php?rest_route=\/wp\/v2\/users\/2802"}],"replies":[{"embeddable":true,"href":"https:\/\/parat.w.uib.no\/index.php?rest_route=%2Fwp%2Fv2%2Fcomments&post=456"}],"version-history":[{"count":5,"href":"https:\/\/parat.w.uib.no\/index.php?rest_route=\/wp\/v2\/pages\/456\/revisions"}],"predecessor-version":[{"id":507,"href":"https:\/\/parat.w.uib.no\/index.php?rest_route=\/wp\/v2\/pages\/456\/revisions\/507"}],"wp:attachment":[{"href":"https:\/\/parat.w.uib.no\/index.php?rest_route=%2Fwp%2Fv2%2Fmedia&parent=456"}],"curies":[{"name":"wp","href":"https:\/\/api.w.org\/{rel}","templated":true}]}}