{"id":19,"date":"2013-10-28T20:35:10","date_gmt":"2013-10-28T20:35:10","guid":{"rendered":"http:\/\/parat.w.uib.no\/?page_id=19"},"modified":"2023-01-04T15:25:32","modified_gmt":"2023-01-04T15:25:32","slug":"verving","status":"publish","type":"page","link":"https:\/\/parat.w.uib.no\/?page_id=19","title":{"rendered":"Innmelding"},"content":{"rendered":"<p align=\"left\">Parat trenger en jevnt medlemstall for at vi skal kunne delta i alle organer og utvalg p\u00e5 UiB. Det er derfor viktig at vi f\u00e5r nye medlemmer med oss. Du kan hjelpe oss \u00e5 gj\u00f8re Parat til en handlekraftig organisasjon. Du vil ogs\u00e5 f\u00e5 muligheter til \u00e5 f\u00e5 fine vervepremier fra Parat sin butikk.<\/p>\n<p align=\"left\">Nedenfor finner du gode argumenter fra den siste medlemsunders\u00f8kelsen hvorfor v\u00e5re medlemmer valgte Parat.<\/p>\n<p><strong>Sv\u00e6rt vesentlig: <\/strong><\/p>\n<ul>\n<li>Parat er partipolitisk uavhengig<\/li>\n<li>Parat har avtaler i privat, kommunal og statlige bedrifter. Du kan derfor\u00a0\u00a0 beholde ditt medlemskap selv om du skifter arbeidsplass.<\/li>\n<\/ul>\n<p><strong>Vesentlig:\u00a0 <\/strong><\/p>\n<ul>\n<li>Parat har h\u00f8y kvalitet p\u00e5 tjenestene<\/li>\n<li>Det gir trygghet<\/li>\n<li>Parat er handlekraftig<\/li>\n<li>Bistand i arbeidsforholdet<\/li>\n<li>Parat har gode tillitsvalgte<\/li>\n<li>Jeg kan v\u00e6re medlem selv om jeg bytter jobb<\/li>\n<li>Parat har n\u00e6rhet til medlemmene<\/li>\n<li>Parat er profesjonsuavhengig<\/li>\n<li>Parat organiserer i alle sektorer<\/li>\n<li>Forsikringsordninger og andre medlemsfordeler<\/li>\n<li>Parat er et YS-forbund<\/li>\n<li>De fleste p\u00e5 arbeidsplassen var medlemmer<\/li>\n<\/ul>\n<p><strong>Vervingsr\u00e5d:<\/strong><\/p>\n<div>\n<div>\n<p>Ta kontakt med en nyansatt og fortell om Parat.<br \/>\nIkke v\u00e6r en aggressiv selger, men lytt og fortell hvordan Parat kan v\u00e6re behjelpelig<br \/>\nHenvis gjerne til den lokale tillitsvalgte eller hovedtillitsvalgte hvis du st\u00e5r fast eller ikke kan svar p\u00e5 sp\u00f8rsm\u00e5l.<br \/>\nIkke snakk\u00a0 negativt om de andre organisasjonene p\u00e5 UiB.<\/p>\n<p><a href=\"https:\/\/www.parat.com\/medlem-4359\/bli-medlem-i-parat\">Innmelding digitalt <\/a><\/p>\n<\/div>\n<\/div>\n","protected":false},"excerpt":{"rendered":"<p>Parat trenger en jevnt medlemstall for at vi skal kunne delta i alle organer og utvalg p\u00e5 UiB. Det er derfor viktig at vi f\u00e5r nye medlemmer med oss. Du kan hjelpe oss \u00e5 gj\u00f8re Parat til en handlekraftig organisasjon. Du vil ogs\u00e5 f\u00e5 muligheter til \u00e5 f\u00e5 fine vervepremier fra Parat sin butikk. Nedenfor&hellip;<a href=\"https:\/\/parat.w.uib.no\/?page_id=19\" class=\"more-link\">Continue reading <span class=\"screen-reader-text\">Innmelding<\/span><\/a><\/p>\n","protected":false},"author":1076,"featured_media":0,"parent":0,"menu_order":0,"comment_status":"closed","ping_status":"closed","template":"","meta":{"footnotes":""},"class_list":["post-19","page","type-page","status-publish","hentry"],"_links":{"self":[{"href":"https:\/\/parat.w.uib.no\/index.php?rest_route=\/wp\/v2\/pages\/19","targetHints":{"allow":["GET"]}}],"collection":[{"href":"https:\/\/parat.w.uib.no\/index.php?rest_route=\/wp\/v2\/pages"}],"about":[{"href":"https:\/\/parat.w.uib.no\/index.php?rest_route=\/wp\/v2\/types\/page"}],"author":[{"embeddable":true,"href":"https:\/\/parat.w.uib.no\/index.php?rest_route=\/wp\/v2\/users\/1076"}],"replies":[{"embeddable":true,"href":"https:\/\/parat.w.uib.no\/index.php?rest_route=%2Fwp%2Fv2%2Fcomments&post=19"}],"version-history":[{"count":11,"href":"https:\/\/parat.w.uib.no\/index.php?rest_route=\/wp\/v2\/pages\/19\/revisions"}],"predecessor-version":[{"id":1140,"href":"https:\/\/parat.w.uib.no\/index.php?rest_route=\/wp\/v2\/pages\/19\/revisions\/1140"}],"wp:attachment":[{"href":"https:\/\/parat.w.uib.no\/index.php?rest_route=%2Fwp%2Fv2%2Fmedia&parent=19"}],"curies":[{"name":"wp","href":"https:\/\/api.w.org\/{rel}","templated":true}]}}